{"id":13,"date":"2013-12-03T16:05:17","date_gmt":"2013-12-03T16:05:17","guid":{"rendered":"http:\/\/gestaltherapie.com\/?page_id=13"},"modified":"2026-03-28T15:39:39","modified_gmt":"2026-03-28T15:39:39","slug":"la-gestalt-therapie-et-lenfant","status":"publish","type":"page","link":"http:\/\/gestaltherapie.com\/index.php\/la-gestalt-therapie-et-lenfant\/","title":{"rendered":"Les Constellations Familiales Humanistes"},"content":{"rendered":"\n<div class=\"wp-block-group is-vertical is-layout-flex wp-container-core-group-is-layout-8cf370e7 wp-block-group-is-layout-flex\">\n<div class=\"wp-block-columns is-layout-flex wp-container-core-columns-is-layout-9d6595d7 wp-block-columns-is-layout-flex\">\n<div class=\"wp-block-column is-layout-flow wp-block-column-is-layout-flow\" style=\"flex-basis:100%\"><\/div>\n<\/div>\n\n\n\n<div class=\"wp-block-cover wp-duotone-grayscale\"><img loading=\"lazy\" decoding=\"async\" width=\"1024\" height=\"636\" class=\"wp-block-cover__image-background wp-image-771\" alt=\"\" src=\"http:\/\/gestaltherapie.com\/wp-content\/uploads\/2023\/04\/IMG_20230420_101817-1024x636.jpg\" data-object-fit=\"cover\" srcset=\"http:\/\/gestaltherapie.com\/wp-content\/uploads\/2023\/04\/IMG_20230420_101817-1024x636.jpg 1024w, http:\/\/gestaltherapie.com\/wp-content\/uploads\/2023\/04\/IMG_20230420_101817-300x186.jpg 300w, http:\/\/gestaltherapie.com\/wp-content\/uploads\/2023\/04\/IMG_20230420_101817-768x477.jpg 768w, http:\/\/gestaltherapie.com\/wp-content\/uploads\/2023\/04\/IMG_20230420_101817-1536x955.jpg 1536w, http:\/\/gestaltherapie.com\/wp-content\/uploads\/2023\/04\/IMG_20230420_101817-2048x1273.jpg 2048w\" sizes=\"auto, (max-width: 1024px) 100vw, 1024px\" \/><span aria-hidden=\"true\" class=\"wp-block-cover__background has-background-dim\"><\/span><div class=\"wp-block-cover__inner-container is-layout-flow wp-block-cover-is-layout-flow\">\n<p class=\"has-text-align-center has-large-font-size\"><strong>Prochains regroupements en 202<\/strong>6<\/p>\n\n\n\n<p><img loading=\"lazy\" decoding=\"async\" src=\"https:\/\/fonts.gstatic.com\/s\/e\/notoemoji\/16.0\/1f4c5\/32.png\" alt=\"?\" width=\"32\" height=\"32\">&nbsp;<strong>Dates :<\/strong><\/p>\n\n\n\n<ul class=\"wp-block-list\">\n<li>Samedi 21 et Dimanche 22 f\u00e9vrier 2026 en co-animation avec Nathalie Ta\u00efeb<\/li>\n\n\n\n<li>Dimanche 26 avril<\/li>\n\n\n\n<li>Dimanche 24 mai<\/li>\n\n\n\n<li>Dimanche 5 juillet<\/li>\n\n\n\n<li>Samedi 11 et Dimanche 12 juillet en co-animation avec Nathalie Ta\u00efeb<\/li>\n<\/ul>\n\n\n\n<p><img loading=\"lazy\" decoding=\"async\" src=\"https:\/\/fonts.gstatic.com\/s\/e\/notoemoji\/16.0\/1f564\/32.png\" alt=\"?\" width=\"32\" height=\"32\">&nbsp;<strong>Horaires <\/strong>: 9h30 \u2013 18h30<\/p>\n\n\n\n<p><img loading=\"lazy\" decoding=\"async\" src=\"https:\/\/fonts.gstatic.com\/s\/e\/notoemoji\/16.0\/1f4cd\/32.png\" alt=\"?\" width=\"32\" height=\"32\">&nbsp;<strong>Lieu :<\/strong> 18 rue Abel, 75012 Paris (Gare de Lyon)<\/p>\n\n\n\n<p><img loading=\"lazy\" decoding=\"async\" src=\"https:\/\/fonts.gstatic.com\/s\/e\/notoemoji\/16.0\/2728\/32.png\" alt=\"&#x2728;\" width=\"32\" height=\"32\">&nbsp;<strong>S\u00e9ances individuelles possibles \u00e0 Puteaux (92) \u2013 Format de 2 heures.<\/strong><\/p>\n\n\n\n<p><img loading=\"lazy\" decoding=\"async\" src=\"https:\/\/fonts.gstatic.com\/s\/e\/notoemoji\/16.0\/1f4e9\/32.png\" alt=\"?\" width=\"32\" height=\"32\">&nbsp;<strong>Infos &amp; inscriptions :<\/strong><\/p>\n\n\n\n<p><img loading=\"lazy\" decoding=\"async\" src=\"https:\/\/fonts.gstatic.com\/s\/e\/notoemoji\/16.0\/1f4e7\/32.png\" alt=\"?\" width=\"32\" height=\"32\">&nbsp;<strong>Email <\/strong>:&nbsp;<a href=\"mailto:emilie.brial@gmail.com\" target=\"_blank\" rel=\"noreferrer noopener\">emilie.brial@gmail.com<\/a><\/p>\n\n\n\n<p><img loading=\"lazy\" decoding=\"async\" src=\"https:\/\/fonts.gstatic.com\/s\/e\/notoemoji\/16.0\/1f4de\/32.png\" alt=\"?\" width=\"32\" height=\"32\">&nbsp;<strong>T\u00e9l\u00e9phone : <\/strong>06 49 76 08 68<\/p>\n\n\n\n<p><strong>Tarifs<\/strong><\/p>\n\n\n\n<p><img loading=\"lazy\" decoding=\"async\" width=\"32\" height=\"32\" src=\"https:\/\/fonts.gstatic.com\/s\/e\/notoemoji\/16.0\/1f465\/32.png\" alt=\"?\">\u00a0<strong>Repr\u00e9sentant : <\/strong>60 \u20ac pour une journ\u00e9e \/ 80\u20ac sur le week-end<\/p>\n\n\n\n<p><img decoding=\"async\" style=\"\" src=\"https:\/\/fonts.gstatic.com\/s\/e\/notoemoji\/16.0\/1f33f\/32.png\" alt=\"?\">\u00a0<strong>Constellant : <\/strong>170 \u20ac pour une journ\u00e9e\/ 180\u20ac sur le week-end co-animation<\/p>\n\n\n\n<p><img loading=\"lazy\" decoding=\"async\" width=\"32\" height=\"32\" src=\"https:\/\/fonts.gstatic.com\/s\/e\/notoemoji\/16.0\/1f4ab\/32.png\" alt=\"?\"><strong> Constellation individuelle : <\/strong>180 \u20ac (A Puteaux)<\/p>\n<\/div><\/div>\n<\/div>\n\n\n<p align=\"JUSTIFY\"><span style=\"color: #222222;\"><span style=\"font-family: Calibri Light, sans-serif;\"><span style=\"font-size: large;\"><i><b>Les Constellations Familiales : une m\u00e9thode de lib\u00e9ration<\/b><\/i><\/span><\/span><\/span><\/p>\n<p align=\"JUSTIFY\"><span style=\"color: #222222;\"><span style=\"font-family: Calibri Light, sans-serif;\"><span style=\"font-size: medium;\">Notre <b>\u00e9quilibre<\/b> repose sur <b>diff\u00e9rents facteurs<\/b> : notre histoire personnelle, nos choix, mais aussi notre<b> h\u00e9ritage familial <\/b>ainsi que notre environnement.<\/span><\/span><\/span><\/p>\n<p align=\"JUSTIFY\"><span style=\"color: #222222;\"><span style=\"font-family: Calibri Light, sans-serif;\"><span style=\"font-size: medium;\">Nous sommes tous porteurs d\u2019une <b>histoire familiale<\/b> qui fa\u00e7onne nos repr\u00e9sentations, nos aspirations et nos valeurs. <\/span><\/span><\/span><\/p>\n<p align=\"JUSTIFY\"><span style=\"color: #222222;\"><span style=\"font-family: Calibri Light, sans-serif;\"><span style=\"font-size: medium;\">Tout comme nous h\u00e9ritons d\u2019un patrimoine g\u00e9n\u00e9tique, nous recevons \u00e9galement un h\u00e9ritage \u00e9motionnel familial et culturel provenant:<\/span><\/span><\/span><\/p>\n<p align=\"JUSTIFY\"><span style=\"font-family: Calibri Light, sans-serif;\"><b><span style=\"color: #222222;\"><span style=\"font-size: medium;\">&#8211; D&rsquo;\u00e9v\u00e9nements marquants (guerres, famines, migrations\u2026)<\/span><\/span><\/b><\/span><\/p>\n<p align=\"JUSTIFY\"><span style=\"font-family: Calibri Light, sans-serif;\"><b><span style=\"color: #222222;\"><span style=\"font-size: medium;\">&#8211; Des croyances, traditions ou valeurs familiales<\/span><\/span><\/b><\/span><\/p>\n<p align=\"JUSTIFY\"><span style=\"font-family: Calibri Light, sans-serif;\"><b><span style=\"color: #222222;\"><span style=\"font-size: medium;\">&#8211; Des deuils, maladies, secrets ou non-dits<\/span><\/span><\/b><\/span><\/p>\n<p align=\"JUSTIFY\"><span style=\"font-family: Calibri Light, sans-serif;\"><span style=\"color: #222222;\"><span style=\"font-size: medium;\">Cet h\u00e9ritage peut inclure des <\/span><\/span><span style=\"color: #222222;\"><span style=\"font-size: medium;\"><b>situations \u00e9motionnelles inachev\u00e9es <\/b><\/span><\/span><span style=\"color: #222222;\"><span style=\"font-size: medium;\">transmises inconsciemment par nos anc\u00eatres. Certaines de nos difficult\u00e9s actuelles et de nos blocages trouvent leur origine dans ces <\/span><\/span><span style=\"color: #222222;\"><span style=\"font-size: medium;\"><b>transmissions non r\u00e9solues<\/b><\/span><\/span><span style=\"color: #222222;\"><span style=\"font-size: medium;\">. <\/span><\/span><\/span><\/p>\n<p align=\"JUSTIFY\"><span style=\"color: #222222;\"><span style=\"font-family: Calibri Light, sans-serif;\"><span style=\"font-size: large;\"><i><b>Comment les Constellations Familiales aident-elles ?<\/b><\/i><\/span><\/span><\/span><\/p>\n<p align=\"JUSTIFY\"><span style=\"color: #222222;\"><span style=\"font-family: Calibri Light, sans-serif;\"><span style=\"font-size: medium;\">Lorsque certains blocages persistent <b>malgr\u00e9 un travail th\u00e9rapeutique,<\/b> les Constellations Familiales permettent de :<\/span><\/span><\/span><\/p>\n<p align=\"JUSTIFY\"><span style=\"color: #222222;\"><img loading=\"lazy\" decoding=\"async\" src=\"https:\/\/fonts.gstatic.com\/s\/e\/notoemoji\/16.0\/2705\/32.png\" alt=\"&#x2705;\" width=\"32\" height=\"32\" name=\"images13\" align=\"BOTTOM\" border=\"0\" \/>\u00a0<span style=\"font-family: Calibri Light, sans-serif;\"><b><span style=\"font-size: medium;\">Remettre de l\u2019ordre dans le syst\u00e8me familial<\/span><\/b><\/span><\/span><\/p>\n<p align=\"JUSTIFY\"><span style=\"color: #222222;\"><img loading=\"lazy\" decoding=\"async\" src=\"https:\/\/fonts.gstatic.com\/s\/e\/notoemoji\/16.0\/2705\/32.png\" alt=\"&#x2705;\" width=\"32\" height=\"32\" name=\"images14\" align=\"BOTTOM\" border=\"0\" \/>\u00a0<span style=\"font-family: Calibri Light, sans-serif;\"><b><span style=\"font-size: medium;\">Lib\u00e9rer les liens inconscients qui nous entravent<\/span><\/b><\/span><\/span><\/p>\n<p align=\"JUSTIFY\"><span style=\"color: #222222;\"><img loading=\"lazy\" decoding=\"async\" src=\"https:\/\/fonts.gstatic.com\/s\/e\/notoemoji\/16.0\/2705\/32.png\" alt=\"&#x2705;\" width=\"32\" height=\"32\" name=\"images15\" align=\"BOTTOM\" border=\"0\" \/>\u00a0<span style=\"font-family: Calibri Light, sans-serif;\"><b><span style=\"font-size: medium;\">Mettre en lumi\u00e8re des sch\u00e9mas transg\u00e9n\u00e9rationnels<\/span><\/b><\/span><\/span><\/p>\n<p align=\"JUSTIFY\"><span style=\"font-family: Calibri Light, sans-serif;\"><b><span style=\"color: #222222;\"><span style=\"font-size: large;\"><i>Une m\u00e9thode puissante et compl\u00e9mentaire<\/i><\/span><\/span><\/b><\/span><\/p>\n<p align=\"JUSTIFY\"><span style=\"color: #222222;\"><span style=\"font-family: Calibri Light, sans-serif;\"><span style=\"font-size: medium;\">Gr\u00e2ce \u00e0 une mise en sc\u00e8ne de la probl\u00e9matique du constellant et au ressenti des repr\u00e9sentants, les sch\u00e9mas familiaux cach\u00e9s apparaissent et peuvent \u00eatre trait\u00e9s.<\/span><\/span><\/span><\/p>\n<p align=\"JUSTIFY\"><span style=\"color: #222222;\"><span style=\"font-family: Calibri Light, sans-serif;\"><span style=\"font-size: medium;\">Les Constellations Familiales sont particuli\u00e8rement efficaces pour r\u00e9soudre<b> des difficult\u00e9s personnelles, relationnelles ou professionnelles<\/b>. Elles agissent en profondeur, au-del\u00e0 de notre conscience imm\u00e9diate.<\/span><\/span><\/span><\/p>\n<p align=\"JUSTIFY\"><span style=\"color: #222222;\"><img loading=\"lazy\" decoding=\"async\" src=\"https:\/\/fonts.gstatic.com\/s\/e\/notoemoji\/16.0\/26a0_fe0f\/32.png\" alt=\"&#x26a0;&#xfe0f;\" width=\"32\" height=\"32\" name=\"images25\" align=\"BOTTOM\" border=\"0\" \/>\u00a0<span style=\"font-family: Calibri Light, sans-serif;\"><span style=\"font-size: medium;\">Elles ne remplacent pas un <\/span><span style=\"font-size: medium;\"><b>suivi th\u00e9rapeutique r\u00e9gulier, <\/b><\/span><span style=\"font-size: medium;\">mais peuvent \u00eatre un compl\u00e9ment pr\u00e9cieux pour d\u00e9bloquer certaines situations.<\/span><\/span><\/span><\/p>\n<p align=\"JUSTIFY\"><span style=\"color: #222222;\"><img loading=\"lazy\" decoding=\"async\" src=\"https:\/\/fonts.gstatic.com\/s\/e\/notoemoji\/16.0\/1f300\/32.png\" alt=\"?\" width=\"32\" height=\"32\" name=\"images26\" align=\"BOTTOM\" border=\"0\" \/>\u00a0<\/span><span style=\"font-family: Calibri Light, sans-serif;\"><span style=\"color: #222222;\"><span style=\"font-size: medium;\">Ma pratique des Constellations Familiales est supervis\u00e9e.<\/span><\/span><\/span><\/p>","protected":false},"excerpt":{"rendered":"<p>Les Constellations Familiales : une m\u00e9thode de lib\u00e9ration Notre \u00e9quilibre repose sur diff\u00e9rents facteurs : notre histoire personnelle, nos choix, mais aussi notre h\u00e9ritage familial ainsi que notre environnement. Nous sommes tous porteurs d\u2019une histoire familiale qui fa\u00e7onne nos repr\u00e9sentations, nos aspirations et nos valeurs. Tout comme nous h\u00e9ritons d\u2019un patrimoine g\u00e9n\u00e9tique, nous recevons \u00e9galement &hellip; <a href=\"http:\/\/gestaltherapie.com\/index.php\/la-gestalt-therapie-et-lenfant\/\" class=\"more-link\">Continuer la lecture de <span class=\"screen-reader-text\">Les Constellations Familiales Humanistes<\/span>  <span class=\"meta-nav\">&rarr;<\/span><\/a><\/p>\n","protected":false},"author":1,"featured_media":0,"parent":0,"menu_order":0,"comment_status":"closed","ping_status":"closed","template":"","meta":{"footnotes":""},"class_list":["post-13","page","type-page","status-publish","hentry"],"_links":{"self":[{"href":"http:\/\/gestaltherapie.com\/index.php\/wp-json\/wp\/v2\/pages\/13","targetHints":{"allow":["GET"]}}],"collection":[{"href":"http:\/\/gestaltherapie.com\/index.php\/wp-json\/wp\/v2\/pages"}],"about":[{"href":"http:\/\/gestaltherapie.com\/index.php\/wp-json\/wp\/v2\/types\/page"}],"author":[{"embeddable":true,"href":"http:\/\/gestaltherapie.com\/index.php\/wp-json\/wp\/v2\/users\/1"}],"replies":[{"embeddable":true,"href":"http:\/\/gestaltherapie.com\/index.php\/wp-json\/wp\/v2\/comments?post=13"}],"version-history":[{"count":94,"href":"http:\/\/gestaltherapie.com\/index.php\/wp-json\/wp\/v2\/pages\/13\/revisions"}],"predecessor-version":[{"id":964,"href":"http:\/\/gestaltherapie.com\/index.php\/wp-json\/wp\/v2\/pages\/13\/revisions\/964"}],"wp:attachment":[{"href":"http:\/\/gestaltherapie.com\/index.php\/wp-json\/wp\/v2\/media?parent=13"}],"curies":[{"name":"wp","href":"https:\/\/api.w.org\/{rel}","templated":true}]}}