{"id":16,"date":"2013-12-03T16:05:33","date_gmt":"2013-12-03T16:05:33","guid":{"rendered":"http:\/\/gestaltherapie.com\/?page_id=16"},"modified":"2025-03-22T10:24:02","modified_gmt":"2025-03-22T10:24:02","slug":"qui-suis-je","status":"publish","type":"page","link":"http:\/\/gestaltherapie.com\/index.php\/qui-suis-je\/","title":{"rendered":"Mon parcours"},"content":{"rendered":"<h4>\u00a0<\/h4>\n<hr \/>\n<p style=\"text-align: left;\"><a href=\"http:\/\/gestaltherapie.com\/wp-content\/uploads\/2023\/04\/IMG_20230430_174815.jpg\"><img loading=\"lazy\" decoding=\"async\" class=\"wp-image-827 size-medium alignleft\" src=\"http:\/\/gestaltherapie.com\/wp-content\/uploads\/2023\/04\/IMG_20230430_174815-210x300.jpg\" alt=\"\" width=\"210\" height=\"300\" srcset=\"http:\/\/gestaltherapie.com\/wp-content\/uploads\/2023\/04\/IMG_20230430_174815-210x300.jpg 210w, http:\/\/gestaltherapie.com\/wp-content\/uploads\/2023\/04\/IMG_20230430_174815-716x1024.jpg 716w, http:\/\/gestaltherapie.com\/wp-content\/uploads\/2023\/04\/IMG_20230430_174815-768x1099.jpg 768w, http:\/\/gestaltherapie.com\/wp-content\/uploads\/2023\/04\/IMG_20230430_174815.jpg 833w\" sizes=\"auto, (max-width: 210px) 100vw, 210px\" \/><\/a><\/p>\n<p align=\"JUSTIFY\"><span style=\"color: #222222;\"><span style=\"font-family: Arial, Helvetica, sans-serif;\"><span style=\"font-size: medium;\">Mon parcours parle d\u2019abord d\u2019un processus int\u00e9rieur profond, long, jalonn\u00e9 de doutes, de larmes aussi parfois, de solitude choisie et subie. C&rsquo;est aussi un cheminement ponctu\u00e9 de rencontres et de partages d\u2019exp\u00e9riences. Diff\u00e9rentes visions du monde me bousculent et m&rsquo;invitent \u00e0 explorer de nouvelles possibilit\u00e9s.<\/span><\/span><\/span><\/p>\n<p align=\"JUSTIFY\"><span style=\"color: #222222;\"><span style=\"font-family: Arial, Helvetica, sans-serif;\"><span style=\"font-size: medium;\">C\u2019est un chemin de reconversion. Un passage du monde de l\u2019entreprise qui ne fait plus sens vers une qu\u00eate d&rsquo;\u00e9quilibre et de coh\u00e9rence entre ce que je fais et qui je suis.<\/span><\/span><\/span><\/p>\n<p align=\"JUSTIFY\"><span style=\"color: #222222;\"><span style=\"font-family: Arial, Helvetica, sans-serif;\"><span style=\"font-size: medium;\">C\u2019est dans cette dynamique que je d\u00e9bute ma formation en Gestalt th\u00e9rapie en 2009 \u00e0 Barcelone o\u00f9 je me sp\u00e9cialise \u00e9galement dans l&rsquo;accompagnement des enfants.<\/span><\/span><\/span><\/p>\n<p align=\"JUSTIFY\"><span style=\"color: #222222;\"><span style=\"font-family: Arial, Helvetica, sans-serif;\"><span style=\"font-size: medium;\">Depuis, j\u2019ai enrichi ma posture de Gestalt-th\u00e9rapeute en int\u00e9grant de nouvelles dimensions \u00e0 ma pratique, tout en continuant de me perfectionner, \u00e0 l\u2019Ecole Parisienne de Gestalt (EPG) d\u2019abord, puis \u00e0 Acorpsdense et \u00e0 l\u2019IFGT.\u00a0<\/span><\/span><\/span><\/p>\n<p align=\"JUSTIFY\"><span style=\"color: #222222;\"><span style=\"font-family: Arial, Helvetica, sans-serif;\"><span style=\"font-size: medium;\">Par ailleurs, je me suis form\u00e9e \u00e0 l\u2019EMDR humaniste et j\u2019ai suivi plusieurs formations sp\u00e9cialis\u00e9es dans l\u2019accompagnement des traumatismes.<\/span><\/span><\/span><\/p>\n<p align=\"JUSTIFY\"><span style=\"color: #222222;\"><span style=\"font-family: Arial, Helvetica, sans-serif;\"><span style=\"font-size: medium;\">Enfin, gr\u00e2ce au G\u00e9nogramme et aux Constellations Familiales, j\u2019int\u00e8gre une dimension transg\u00e9n\u00e9rationnelle \u00e0 ma pratique. Je propose d\u2019ailleurs d\u00e8s 2023 des ateliers de constellations familiales humanistes sur Paris.<\/span><\/span><\/span><\/p>\n<p align=\"JUSTIFY\"><span style=\"color: #222222;\"><span style=\"font-family: Arial, Helvetica, sans-serif;\"><span style=\"font-size: medium;\">Je suis membre adh\u00e9rent du Coll\u00e8ge Europ\u00e9en de Gestalt-th\u00e9rapie (CEG-t) et de la F\u00e9d\u00e9ration Fran\u00e7aise de Psychoth\u00e9rapie et Psychanalyse (FF2P).<\/span><\/span><\/span><\/p>\n<p align=\"JUSTIFY\"><span style=\"color: #222222;\"><span style=\"font-family: Arial, Helvetica, sans-serif;\"><span style=\"font-size: medium;\">Ma pratique professionnelle est supervis\u00e9e.<\/span><\/span><\/span><\/p>\n\n\n<h2 class=\"wp-block-heading\"><\/h2>\n","protected":false},"excerpt":{"rendered":"<p>\u00a0 Mon parcours parle d\u2019abord d\u2019un processus int\u00e9rieur profond, long, jalonn\u00e9 de doutes, de larmes aussi parfois, de solitude choisie et subie. C&rsquo;est aussi un cheminement ponctu\u00e9 de rencontres et de partages d\u2019exp\u00e9riences. Diff\u00e9rentes visions du monde me bousculent et m&rsquo;invitent \u00e0 explorer de nouvelles possibilit\u00e9s. C\u2019est un chemin de reconversion. Un passage du monde &hellip; <a href=\"http:\/\/gestaltherapie.com\/index.php\/qui-suis-je\/\" class=\"more-link\">Continuer la lecture de <span class=\"screen-reader-text\">Mon parcours<\/span>  <span class=\"meta-nav\">&rarr;<\/span><\/a><\/p>\n","protected":false},"author":1,"featured_media":0,"parent":0,"menu_order":0,"comment_status":"closed","ping_status":"closed","template":"","meta":{"footnotes":""},"class_list":["post-16","page","type-page","status-publish","hentry"],"_links":{"self":[{"href":"http:\/\/gestaltherapie.com\/index.php\/wp-json\/wp\/v2\/pages\/16","targetHints":{"allow":["GET"]}}],"collection":[{"href":"http:\/\/gestaltherapie.com\/index.php\/wp-json\/wp\/v2\/pages"}],"about":[{"href":"http:\/\/gestaltherapie.com\/index.php\/wp-json\/wp\/v2\/types\/page"}],"author":[{"embeddable":true,"href":"http:\/\/gestaltherapie.com\/index.php\/wp-json\/wp\/v2\/users\/1"}],"replies":[{"embeddable":true,"href":"http:\/\/gestaltherapie.com\/index.php\/wp-json\/wp\/v2\/comments?post=16"}],"version-history":[{"count":66,"href":"http:\/\/gestaltherapie.com\/index.php\/wp-json\/wp\/v2\/pages\/16\/revisions"}],"predecessor-version":[{"id":939,"href":"http:\/\/gestaltherapie.com\/index.php\/wp-json\/wp\/v2\/pages\/16\/revisions\/939"}],"wp:attachment":[{"href":"http:\/\/gestaltherapie.com\/index.php\/wp-json\/wp\/v2\/media?parent=16"}],"curies":[{"name":"wp","href":"https:\/\/api.w.org\/{rel}","templated":true}]}}