{"id":881,"date":"2024-03-28T10:44:13","date_gmt":"2024-03-28T10:44:13","guid":{"rendered":"http:\/\/gestaltherapie.com\/?page_id=881"},"modified":"2025-03-22T12:32:22","modified_gmt":"2025-03-22T12:32:22","slug":"laccompagnement-du-couple","status":"publish","type":"page","link":"http:\/\/gestaltherapie.com\/index.php\/laccompagnement-du-couple\/","title":{"rendered":"Le couple en th\u00e9rapie"},"content":{"rendered":"<div class=\"wp-block-image\">\n<figure class=\"aligncenter size-full is-resized\"><a href=\"http:\/\/gestaltherapie.com\/wp-content\/uploads\/2024\/03\/Deux-tetes-une-main-Chagall.jpg\"><img loading=\"lazy\" decoding=\"async\" width=\"621\" height=\"824\" src=\"http:\/\/gestaltherapie.com\/wp-content\/uploads\/2024\/03\/Deux-tetes-une-main-Chagall.jpg\" alt=\"\" class=\"wp-image-882\" style=\"width:326px;height:auto\" srcset=\"http:\/\/gestaltherapie.com\/wp-content\/uploads\/2024\/03\/Deux-tetes-une-main-Chagall.jpg 621w, http:\/\/gestaltherapie.com\/wp-content\/uploads\/2024\/03\/Deux-tetes-une-main-Chagall-226x300.jpg 226w\" sizes=\"auto, (max-width: 621px) 100vw, 621px\" \/><\/a><\/figure>\n<\/div>\n\n\n<p class=\"has-text-align-center\">\u00ab\u00a0Deux t\u00eates, une main\u00a0\u00bb &#8211; Marc Chagall 1953<\/p>\n\n\n\n<h2 class=\"wp-block-heading has-text-align-center\">Le couple, un espace des possibles.<\/h2>\n\n\n\n<p><\/p>\n\n\n\n<p class=\"has-text-align-center\">Le couple est un espace d&rsquo;\u00e9change, de construction et de transformation.<\/p>\n\n\n\n<p class=\"has-text-align-center\"> Il est une promesse de r\u00e9paration en offrant \u00e0 chacun des partenaires la possibilit\u00e9 de se d\u00e9couvrir \u00e0 l&rsquo;occasion de l&rsquo;autre et avec l&rsquo;autre. <\/p>\n\n\n\n<p class=\"has-text-align-center\">Lorsqu&rsquo;il fonctionne harmonieusement, il est une source d&rsquo;\u00e9panouissement.<\/p>\n\n\n\n<p class=\"has-text-align-center\">Son \u00e9quilibre repose sur la capacit\u00e9 de chacun des partenaires \u00e0 conscientiser, \u00e0 comprendre et \u00e0 int\u00e9grer les \u00e9v\u00e8nements et les blessures du pass\u00e9 qui pourraient fragiliser la relation. <\/p>\n\n\n\n<p class=\"has-text-align-center\">C&rsquo;est souvent lors d&rsquo;une crise &#8211; qu&rsquo;il s&rsquo;agisse d&rsquo;une infid\u00e9lit\u00e9, d&rsquo;une naissance, d&rsquo;un d\u00e9part \u00e0 la retraite, d&rsquo;une s\u00e9paration, du d\u00e9part des enfants, d&rsquo;une maladie &#8211; qu&rsquo;un couple d\u00e9cide de consulter.<\/p>\n\n\n\n<p class=\"has-text-align-center\">La th\u00e9rapie de couple permet alors d&rsquo;identifier les blocages, de mobiliser les ressources cognitives et \u00e9motionnelles de chacun et d&rsquo;ouvrir la voie soit vers une relation plus \u00e9panouie, soit vers l&rsquo;\u00e9laboration d&rsquo;une s\u00e9paration plus apais\u00e9e.<\/p>\n\n\n\n<p class=\"has-text-align-center\"><\/p>\n","protected":false},"excerpt":{"rendered":"<p>\u00ab\u00a0Deux t\u00eates, une main\u00a0\u00bb &#8211; Marc Chagall 1953 Le couple, un espace des possibles. Le couple est un espace d&rsquo;\u00e9change, de construction et de transformation. Il est une promesse de r\u00e9paration en offrant \u00e0 chacun des partenaires la possibilit\u00e9 de se d\u00e9couvrir \u00e0 l&rsquo;occasion de l&rsquo;autre et avec l&rsquo;autre. Lorsqu&rsquo;il fonctionne harmonieusement, il est une &hellip; <a href=\"http:\/\/gestaltherapie.com\/index.php\/laccompagnement-du-couple\/\" class=\"more-link\">Continuer la lecture de <span class=\"screen-reader-text\">Le couple en th\u00e9rapie<\/span>  <span class=\"meta-nav\">&rarr;<\/span><\/a><\/p>\n","protected":false},"author":1,"featured_media":0,"parent":0,"menu_order":0,"comment_status":"closed","ping_status":"closed","template":"","meta":{"footnotes":""},"class_list":["post-881","page","type-page","status-publish","hentry"],"_links":{"self":[{"href":"http:\/\/gestaltherapie.com\/index.php\/wp-json\/wp\/v2\/pages\/881","targetHints":{"allow":["GET"]}}],"collection":[{"href":"http:\/\/gestaltherapie.com\/index.php\/wp-json\/wp\/v2\/pages"}],"about":[{"href":"http:\/\/gestaltherapie.com\/index.php\/wp-json\/wp\/v2\/types\/page"}],"author":[{"embeddable":true,"href":"http:\/\/gestaltherapie.com\/index.php\/wp-json\/wp\/v2\/users\/1"}],"replies":[{"embeddable":true,"href":"http:\/\/gestaltherapie.com\/index.php\/wp-json\/wp\/v2\/comments?post=881"}],"version-history":[{"count":18,"href":"http:\/\/gestaltherapie.com\/index.php\/wp-json\/wp\/v2\/pages\/881\/revisions"}],"predecessor-version":[{"id":943,"href":"http:\/\/gestaltherapie.com\/index.php\/wp-json\/wp\/v2\/pages\/881\/revisions\/943"}],"wp:attachment":[{"href":"http:\/\/gestaltherapie.com\/index.php\/wp-json\/wp\/v2\/media?parent=881"}],"curies":[{"name":"wp","href":"https:\/\/api.w.org\/{rel}","templated":true}]}}