{"id":30,"date":"2013-12-03T16:18:15","date_gmt":"2013-12-03T16:18:15","guid":{"rendered":"http:\/\/gestaltherapie.com\/?page_id=30"},"modified":"2025-03-22T10:19:10","modified_gmt":"2025-03-22T10:19:10","slug":"la-gestalt-therapie","status":"publish","type":"page","link":"https:\/\/gestaltherapie.com\/","title":{"rendered":"La Gestalt-th\u00e9rapie, un chemin vers soi."},"content":{"rendered":"<p align=\"JUSTIFY\"><strong><span style=\"font-size: large;\"><i><b>Accompagnement th\u00e9rapeutique pour adultes, enfants et couples<\/b><\/i><\/span><\/strong><\/p>\n<p align=\"JUSTIFY\">Gestalt-th\u00e9rapeute, je vous accueille dans mon cabinet \u00e0 Puteaux, au c\u0153ur du quartier d\u2019affaires de La D\u00e9fense. J\u2019accompagne en <b>th\u00e9rapie individuelle <\/b>:<\/p>\n<ul>\n<li>Les adultes,<\/li>\n<li>Les enfants,<\/li>\n<li>Les adolescents.<\/li>\n<\/ul>\n<p align=\"JUSTIFY\">J\u2019accompagne \u00e9galement<b> les couples <\/b>souhaitant mieux comprendre leur dynamique relationnelle et traverser ensemble les d\u00e9fis de la vie.<\/p>\n<p align=\"JUSTIFY\"><span style=\"font-size: large;\"><i><b>La Getsalt-th\u00e9rapie, pour qui ?<\/b><\/i><\/span><\/p>\n<p align=\"JUSTIFY\">Que vous soyez dans <b>une d\u00e9marche de d\u00e9veloppement personnel <\/b>ou <b>confront\u00e9 \u00e0 des difficult\u00e9s<\/b>, la th\u00e9rapie peut vous aider \u00e0 :<\/p>\n<ul>\n<li><b>Mieux g\u00e9rer le stress, l\u2019anxi\u00e9t\u00e9 et la d\u00e9pression,<\/b><\/li>\n<li><b>Surmonter un deuil, un burn-out ou des souffrances li\u00e9es au travail,<\/b><\/li>\n<li><b>Retrouver confiance en vous et am\u00e9liorer vos relations.<\/b><\/li>\n<\/ul>\n<p align=\"JUSTIFY\"><span style=\"font-size: large;\"><i><b>La Gestalt-th\u00e9rapie : une approche transformatrice<\/b><\/i><\/span><\/p>\n<p align=\"JUSTIFY\">La Gestalt-th\u00e9rapie repose sur les <b>prises de conscience <\/b>de ce qui se joue dans l\u2019<b>instant pr\u00e9sent<\/b>. Elle favorise la <b>responsabilit\u00e9 personnelle<\/b> et aide \u00e0 restaurer notre <b>capacit\u00e9 \u00e0 faire des choix <\/b>en conscience.<\/p>\n<p align=\"JUSTIFY\"><span style=\"font-size: large;\"><i><b>Consultations en fran\u00e7ais et en espagnol<\/b><\/i><\/span><\/p>\n<p align=\"JUSTIFY\">\u00c9tant bilingue fran\u00e7ais-espagnol, je propose des s\u00e9ances dans ces deux langues.<\/p>\n<p align=\"JUSTIFY\"><span style=\"font-size: large;\"><i><b>Tarifs des s\u00e9ances<\/b><\/i><\/span><\/p>\n<p align=\"JUSTIFY\">Th\u00e9rapie individuelle : 90 \u20ac<\/p>\n<p align=\"JUSTIFY\">Th\u00e9rapie de couple : 150 \u20ac<\/p>\n<p align=\"JUSTIFY\">\n","protected":false},"excerpt":{"rendered":"<p>Accompagnement th\u00e9rapeutique pour adultes, enfants et couples Gestalt-th\u00e9rapeute, je vous accueille dans mon cabinet \u00e0 Puteaux, au c\u0153ur du quartier d\u2019affaires de La D\u00e9fense. J\u2019accompagne en th\u00e9rapie individuelle : Les adultes, Les enfants, Les adolescents. J\u2019accompagne \u00e9galement les couples souhaitant mieux comprendre leur dynamique relationnelle et traverser ensemble les d\u00e9fis de la vie. La Getsalt-th\u00e9rapie, &hellip; <a href=\"https:\/\/gestaltherapie.com\/\" class=\"more-link\">Continuer la lecture de <span class=\"screen-reader-text\">La Gestalt-th\u00e9rapie, un chemin vers soi.<\/span>  <span class=\"meta-nav\">&rarr;<\/span><\/a><\/p>\n","protected":false},"author":1,"featured_media":0,"parent":0,"menu_order":0,"comment_status":"closed","ping_status":"closed","template":"","meta":{"footnotes":""},"class_list":["post-30","page","type-page","status-publish","hentry"],"_links":{"self":[{"href":"https:\/\/gestaltherapie.com\/index.php\/wp-json\/wp\/v2\/pages\/30","targetHints":{"allow":["GET"]}}],"collection":[{"href":"https:\/\/gestaltherapie.com\/index.php\/wp-json\/wp\/v2\/pages"}],"about":[{"href":"https:\/\/gestaltherapie.com\/index.php\/wp-json\/wp\/v2\/types\/page"}],"author":[{"embeddable":true,"href":"https:\/\/gestaltherapie.com\/index.php\/wp-json\/wp\/v2\/users\/1"}],"replies":[{"embeddable":true,"href":"https:\/\/gestaltherapie.com\/index.php\/wp-json\/wp\/v2\/comments?post=30"}],"version-history":[{"count":92,"href":"https:\/\/gestaltherapie.com\/index.php\/wp-json\/wp\/v2\/pages\/30\/revisions"}],"predecessor-version":[{"id":938,"href":"https:\/\/gestaltherapie.com\/index.php\/wp-json\/wp\/v2\/pages\/30\/revisions\/938"}],"wp:attachment":[{"href":"https:\/\/gestaltherapie.com\/index.php\/wp-json\/wp\/v2\/media?parent=30"}],"curies":[{"name":"wp","href":"https:\/\/api.w.org\/{rel}","templated":true}]}}