{"id":447,"date":"2017-06-28T08:48:01","date_gmt":"2017-06-28T08:48:01","guid":{"rendered":"http:\/\/gestaltherapie.com\/?page_id=447"},"modified":"2026-01-30T09:23:34","modified_gmt":"2026-01-30T09:23:34","slug":"formations","status":"publish","type":"page","link":"https:\/\/gestaltherapie.com\/index.php\/formations\/","title":{"rendered":"Formation: LE R\u00caVE EN GESTALT-THERAPIE"},"content":{"rendered":"<h4 align=\"RIGHT\"><span style=\"color: #000000;\"><i><\/i><span style=\"font-family: Calibri, sans-serif; font-size: medium;\"><i>\u00ab\u00a0Le r\u00eave est le ph\u00e9nom\u00e8ne que nous n&rsquo;observons que pendant son absence. <\/i><\/span><\/span><\/h4>\n<h4 align=\"RIGHT\"><span style=\"font-family: Calibri, sans-serif; color: #000000; font-size: medium;\"><i>Le verbe r\u00eaver n&rsquo;a presque pas de pr\u00e9sent. Je r\u00eave, tu r\u00eaves.\u00a0\u00bb<\/i><\/span><\/h4>\n<h4 align=\"RIGHT\"><span style=\"color: #000000;\">Paul Val\u00e9ry<\/span><\/h4>\n<p align=\"CENTER\"><span style=\"color: #000033;\"><span style=\"font-family: Calibri, sans-serif;\"><span style=\"font-size: xx-small;\"><i><a href=\"http:\/\/gestaltherapie.com\/wp-content\/uploads\/2017\/06\/dali_reve.jpg\"><img loading=\"lazy\" decoding=\"async\" class=\"size-medium wp-image-499 aligncenter\" src=\"http:\/\/gestaltherapie.com\/wp-content\/uploads\/2017\/06\/dali_reve-243x300.jpg\" alt=\"\" width=\"243\" height=\"300\" srcset=\"https:\/\/gestaltherapie.com\/wp-content\/uploads\/2017\/06\/dali_reve-243x300.jpg 243w, https:\/\/gestaltherapie.com\/wp-content\/uploads\/2017\/06\/dali_reve.jpg 435w\" sizes=\"auto, (max-width: 243px) 100vw, 243px\" \/><\/a><span style=\"color: #000000;\">R\u00eave caus\u00e9 par le vol d&rsquo;une abeille autour d&rsquo;une grenade, une seconde avant l&rsquo;\u00e9veil, <\/span><\/i><\/span><\/span><\/span><span style=\"color: #000000; font-size: xx-small;\"><i><b>Salvador Dali, 1944<\/b><\/i><\/span><\/p>\n<h3 class=\"western\" align=\"JUSTIFY\"><strong><span style=\"color: #000000;\"><span style=\"font-family: Calibri, sans-serif;\"><span style=\"font-size: large;\">POUR QUI\u00a0?<\/span><\/span><\/span><\/strong><\/h3>\n<p align=\"JUSTIFY\"><span style=\"color: #000000;\"><span style=\"font-family: Calibri, sans-serif;\"><span style=\"font-size: large;\">Cette formation s&rsquo;adresse aux <strong>psychopraticiens, psychologues et psychoth\u00e9rapeutes<\/strong> d\u00e9sireux de travailler le r\u00eave en s\u00e9ance individuelle et\/ou en groupe. En s&rsquo;appuyant sur la posture gestaltiste et sur l&rsquo;exp\u00e9rience dans l&rsquo;ici et maintenant, le r\u00eave est un formidable outil. Il est <\/span><\/span><\/span><strong><span style=\"color: #000000;\"><span style=\"font-family: Calibri, sans-serif;\"><span style=\"font-size: large;\">message existentiel<\/span><\/span><\/span><\/strong><span style=\"color: #000000;\"><span style=\"font-family: Calibri, sans-serif;\"><span style=\"font-size: large;\"> r\u00e9v\u00e9lateur de la psych\u00e9 du r\u00eaveur (Perls)\u00a0; Il permet aussi de mettre en \u00e9vidence des aspects caract\u00e9ristiques de la <\/span><\/span><\/span><strong><span style=\"color: #000000;\"><span style=\"font-family: Calibri, sans-serif;\"><span style=\"font-size: large;\">relation th\u00e9rapeutique<\/span><\/span><\/span><\/strong><span style=\"color: #000000;\"><span style=\"font-family: Calibri, sans-serif;\"><span style=\"font-size: large;\"> (From). <\/span><\/span><\/span><\/p>\n<h3 class=\"western\"><strong><a name=\"first-div\"><\/a><span style=\"color: #000000;\"><span style=\"font-family: Calibri, sans-serif;\"><span style=\"font-size: large;\">CONTENU<\/span><\/span><\/span><\/strong><\/h3>\n<div id=\"third-frame\" dir=\"LTR\">\n<p align=\"JUSTIFY\"><strong><span style=\"color: #000000;\"><span style=\"font-family: Calibri, sans-serif;\"><span style=\"font-size: large;\">Apports th\u00e9oriques<\/span><\/span><\/span><\/strong><span style=\"color: #000000;\"><span style=\"font-family: Calibri, sans-serif;\"><span style=\"font-size: large;\"> : Le r\u00eave selon Perls et From <\/span><\/span><\/span><\/p>\n<p align=\"JUSTIFY\"><strong><span style=\"color: #000000;\"><span style=\"font-family: Calibri, sans-serif;\"><span style=\"font-size: large;\">Exp\u00e9rientiel\u00a0<\/span><\/span><\/span><\/strong><span style=\"color: #000000;\"><span style=\"font-family: Calibri, sans-serif;\"><span style=\"font-size: large;\">: <\/span><\/span><\/span><\/p>\n<p align=\"JUSTIFY\"><span style=\"color: #000000;\"><span style=\"font-family: Calibri, sans-serif;\"><span style=\"font-size: large;\">2 approches du r\u00eave en Gestalt-th\u00e9rapie\u00a0: \u00a0 <\/span><\/span><\/span><\/p>\n<p align=\"JUSTIFY\"><span style=\"color: #000000;\"><span style=\"font-family: Calibri, sans-serif;\"><span style=\"font-size: large;\"> &#8211; Le r\u00eave comme <\/span><\/span><\/span><strong><span style=\"color: #000000;\"><span style=\"font-family: Calibri, sans-serif;\"><span style=\"font-size: large;\">projection<\/span><\/span><\/span><\/strong><span style=\"color: #000000;\"><span style=\"font-family: Calibri, sans-serif;\"><span style=\"font-size: large;\"> : Identification, r\u00e9appropriation et int\u00e9gration,\u00a0 \u00a0 \u00a0 \u00a0 \u00a0 \u00a0 \u00a0 \u00a0 \u00a0 <\/span><\/span><\/span><\/p>\n<p align=\"JUSTIFY\"><span style=\"color: #000000;\"><span style=\"font-family: Calibri, sans-serif;\"><span style=\"font-size: large;\">&#8211; Le r\u00eave comme <\/span><\/span><\/span><strong><span style=\"color: #000000;\"><span style=\"font-family: Calibri, sans-serif;\"><span style=\"font-size: large;\">r\u00e9troflexion<\/span><\/span><\/span><\/strong><span style=\"color: #000000;\"><span style=\"font-family: Calibri, sans-serif;\"><span style=\"font-size: large;\">, r\u00e9v\u00e9lateur de la relation.<\/span><\/span><\/span><\/p>\n<h3 class=\"western\"><strong><a name=\"first-div1\"><\/a><span style=\"color: #000000;\"><span style=\"font-family: Calibri, sans-serif;\"><span style=\"font-size: large;\">METHODOLOGIE<\/span><\/span><\/span><\/strong><\/h3>\n<\/div>\n<div id=\"fourth-frame\" dir=\"LTR\">\n<p align=\"JUSTIFY\"><span style=\"color: #000000;\"><span style=\"font-family: Calibri, sans-serif;\"><span style=\"font-size: large;\">Cette formation est exp\u00e9rientielle. Les mises en situation invitent les participants \u00e0 explorer et \u00e0 exp\u00e9rimenter le r\u00eave affectivement, \u00e9motionnellement et intellectuellement. Un temps de practicums est \u00e9galement propos\u00e9.<\/span><\/span><\/span><\/p>\n<h3 class=\"western\"><strong><a name=\"first-div2\"><\/a><span style=\"color: #000000;\"><span style=\"font-family: Calibri, sans-serif;\"><span style=\"font-size: large;\">OBJECTIFS<\/span><\/span><\/span><\/strong><\/h3>\n<\/div>\n<p align=\"JUSTIFY\"><span style=\"color: #000000;\"><span style=\"font-family: Calibri, sans-serif;\"><span style=\"font-size: large;\">-Int\u00e9grer les bases th\u00e9oriques des approches du r\u00eave en Gestalt-th\u00e9rapie, <\/span><\/span><\/span><\/p>\n<p align=\"JUSTIFY\"><span style=\"color: #000000;\"><span style=\"font-family: Calibri, sans-serif;\"><span style=\"font-size: large;\">-Int\u00e9grer et s&rsquo;approprier la m\u00e9thodologie des 2 principales approches du r\u00eave en Gestalt-th\u00e9rapie,<\/span><\/span><\/span><\/p>\n<p align=\"JUSTIFY\"><span style=\"color: #000000;\"><span style=\"font-family: Calibri, sans-serif;\"><span style=\"font-size: large;\">-Accueillir et mettre au travail un r\u00eave lors d&rsquo;une s\u00e9ance, en restant fid\u00e8le \u00e0 notre posture gestaltiste.<\/span><\/span><\/span><\/p>\n<h3 class=\"western\" align=\"LEFT\"><strong><span style=\"color: #000000;\"><span style=\"font-family: Calibri, sans-serif;\"><span style=\"font-size: large;\">MODALITES<\/span><\/span><\/span><\/strong><\/h3>\n<p align=\"JUSTIFY\"><span style=\"color: #000000;\"><span style=\"font-family: Calibri, sans-serif;\"><span style=\"font-size: large;\">DATES : Vendredi 8 et samedi 9 mai 2026<\/span><\/span><\/span><\/p>\n<p align=\"JUSTIFY\"><span style=\"color: #000000;\"><span style=\"font-family: Calibri, sans-serif;\"><span style=\"font-size: large;\">DUREE : 2 jours\u00a0<\/span><\/span><\/span><\/p>\n<p align=\"JUSTIFY\"><span style=\"color: #000000;\"><span style=\"font-family: Calibri, sans-serif;\"><span style=\"font-size: large;\">LIEU : Puteaux<\/span><\/span><\/span><\/p>\n<p align=\"JUSTIFY\"><span style=\"color: #000000;\"><span style=\"font-family: Calibri, sans-serif;\"><span style=\"font-size: large;\">CO\u00dbT\u00a0: 250 \u20ac<\/span><\/span><\/span><\/p>\n<p align=\"JUSTIFY\">Nombre participants: 8 maximum<\/p>\n<h3 class=\"western\" align=\"LEFT\"><strong><span style=\"color: #000000;\"><span style=\"font-family: Calibri, sans-serif;\"><span style=\"font-size: large;\">INFORMATIONS &amp; RESERVATIONS<\/span><\/span><\/span><\/strong><\/h3>\n<p align=\"JUSTIFY\"><span style=\"color: #000000;\"><span style=\"font-family: Calibri, sans-serif;\"><span style=\"font-size: large;\">Emilie Brial, Gestalt-praticienne &#8211; t\u00e9l.:\u00a006 49 76 08 68 &#8211;\u00a0emilie.brial@gmail.com<\/span><\/span><\/span><\/p>\n","protected":false},"excerpt":{"rendered":"<p>\u00ab\u00a0Le r\u00eave est le ph\u00e9nom\u00e8ne que nous n&rsquo;observons que pendant son absence. Le verbe r\u00eaver n&rsquo;a presque pas de pr\u00e9sent. Je r\u00eave, tu r\u00eaves.\u00a0\u00bb Paul Val\u00e9ry R\u00eave caus\u00e9 par le vol d&rsquo;une abeille autour d&rsquo;une grenade, une seconde avant l&rsquo;\u00e9veil, Salvador Dali, 1944 POUR QUI\u00a0? Cette formation s&rsquo;adresse aux psychopraticiens, psychologues et psychoth\u00e9rapeutes d\u00e9sireux de &hellip; <a href=\"https:\/\/gestaltherapie.com\/index.php\/formations\/\" class=\"more-link\">Continuer la lecture de <span class=\"screen-reader-text\">Formation: LE R\u00caVE EN GESTALT-THERAPIE<\/span>  <span class=\"meta-nav\">&rarr;<\/span><\/a><\/p>\n","protected":false},"author":1,"featured_media":0,"parent":0,"menu_order":0,"comment_status":"closed","ping_status":"closed","template":"","meta":{"footnotes":""},"class_list":["post-447","page","type-page","status-publish","hentry"],"_links":{"self":[{"href":"https:\/\/gestaltherapie.com\/index.php\/wp-json\/wp\/v2\/pages\/447","targetHints":{"allow":["GET"]}}],"collection":[{"href":"https:\/\/gestaltherapie.com\/index.php\/wp-json\/wp\/v2\/pages"}],"about":[{"href":"https:\/\/gestaltherapie.com\/index.php\/wp-json\/wp\/v2\/types\/page"}],"author":[{"embeddable":true,"href":"https:\/\/gestaltherapie.com\/index.php\/wp-json\/wp\/v2\/users\/1"}],"replies":[{"embeddable":true,"href":"https:\/\/gestaltherapie.com\/index.php\/wp-json\/wp\/v2\/comments?post=447"}],"version-history":[{"count":27,"href":"https:\/\/gestaltherapie.com\/index.php\/wp-json\/wp\/v2\/pages\/447\/revisions"}],"predecessor-version":[{"id":961,"href":"https:\/\/gestaltherapie.com\/index.php\/wp-json\/wp\/v2\/pages\/447\/revisions\/961"}],"wp:attachment":[{"href":"https:\/\/gestaltherapie.com\/index.php\/wp-json\/wp\/v2\/media?parent=447"}],"curies":[{"name":"wp","href":"https:\/\/api.w.org\/{rel}","templated":true}]}}