{"id":600,"date":"2018-06-12T16:49:21","date_gmt":"2018-06-12T16:49:21","guid":{"rendered":"http:\/\/gestaltherapie.com\/?page_id=600"},"modified":"2025-03-22T16:49:11","modified_gmt":"2025-03-22T16:49:11","slug":"la-gestalt-therapie-2","status":"publish","type":"page","link":"https:\/\/gestaltherapie.com\/index.php\/la-gestalt-therapie-2\/","title":{"rendered":"La Gestalt-th\u00e9rapie"},"content":{"rendered":"<div dir=\"auto\">\n<p align=\"JUSTIFY\"><span style=\"font-size: large;\"><i><b>Qu\u2019est-ce que la Gestalt ?<\/b><\/i><\/span><\/p>\n<p align=\"JUSTIFY\">La Gestalt-th\u00e9rapie fait partie des <b>th\u00e9rapies humanistes et relationnelles<\/b>. Cr\u00e9\u00e9e dans les ann\u00e9es 1950 par le psychiatre allemand Fritz Perls, son \u00e9pouse Laura Perls et l\u2019\u00e9crivain Paul Goodman, elle vise \u00e0 <b>favoriser une prise de conscience <\/b>de notre fa\u00e7on de fonctionner et d\u2019interagir avec notre environnement.<\/p>\n<p align=\"JUSTIFY\">Cette approche th\u00e9rapeutique permet de reprendre la <b>responsabilit\u00e9 <\/b>de notre v\u00e9cu et de retrouver notre <b>capacit\u00e9 \u00e0 faire des choix<\/b>. Elle repose sur une \u00e9coute bienveillante de nos exp\u00e9riences <b>corporelles <\/b>(sensations, gestes, mouvements), <b>affectives<\/b> (\u00e9motions) et <b>intellectuelles <\/b>(pens\u00e9es, repr\u00e9sentations, imagination).<\/p>\n<p align=\"JUSTIFY\">C\u2019est une th\u00e9rapie de l\u2019<b>ici et maintenant<\/b>, o\u00f9 les exp\u00e9riences du pass\u00e9 se rejouent dans le contact avec le th\u00e9rapeute, <b>au sein de l\u2019espace th\u00e9rapeutique<\/b>. Elle permet de mieux comprendre les sch\u00e9mas r\u00e9p\u00e9titifs et les \u00e9vitements que nous avons d\u00e9velopp\u00e9s pour nous adapter \u00e0 notre environnement. Lorsque ces <b>modalit\u00e9s de contact<\/b> deviennent trop rigides, ils peuvent g\u00e9n\u00e9rer <b>stress, anxi\u00e9t\u00e9 ou d\u00e9pression<\/b>, limitant ainsi notre vision du monde et nos possibilit\u00e9s d\u2019\u00e9volution.<\/p>\n<p align=\"JUSTIFY\">L\u2019objectif de la Gestalt-th\u00e9rapie n\u2019est pas de forcer un changement ni de corriger un comportement jug\u00e9 inadapt\u00e9. Le v\u00e9ritable changement se produit lorsque <b>nous cessons de lutter contre nous-m\u00eames et que nous acceptons pleinement ce qui est <\/b>: nos ressentis, nos pens\u00e9es et notre r\u00e9alit\u00e9 int\u00e9rieure.<\/p>\n<p align=\"JUSTIFY\">\n<p align=\"JUSTIFY\"><span style=\"font-size: large;\"><i><b>\u00c0 qui s\u2019adresse la Gestalt-th\u00e9rapie ?<\/b><\/i><\/span><\/p>\n<p align=\"JUSTIFY\">Elle s\u2019adresse \u00e0 toute personne :<\/p>\n<p align=\"JUSTIFY\"><b>Traversant une \u00e9preuve de vie<\/b> (deuil, s\u00e9paration, burn-out, harc\u00e8lement, conflits, etc.).<\/p>\n<p align=\"JUSTIFY\">Rencontrant des <b>difficult\u00e9s affectives ou relationnelles<\/b> (anxi\u00e9t\u00e9, d\u00e9pression, manque de confiance en soi, mauvaise image de soi\u2026).<\/p>\n<p align=\"JUSTIFY\">Souhaitant entreprendre <b>une d\u00e9marche de d\u00e9veloppement personnel et de connaissance de soi.<\/b><\/p>\n<p align=\"JUSTIFY\">\n<p align=\"JUSTIFY\"><span style=\"font-size: large;\"><i><b>Comment se d\u00e9roule une s\u00e9ance ?<\/b><\/i><\/span><\/p>\n<p align=\"JUSTIFY\">Les s\u00e9ances ont lieu <b>en pr\u00e9sentiel<\/b>, dans un espace d\u00e9di\u00e9. La r\u00e9gularit\u00e9 des rencontres permet d\u2019instaurer un cadre s\u00e9curisant, indispensable au travail th\u00e9rapeutique.<\/p>\n<p align=\"JUSTIFY\">D\u00e8s la premi\u00e8re s\u00e9ance, nous explorons ensemble <b>votre demande et vos attentes.<\/b> Vous serez invit\u00e9(e) \u00e0 exprimer ce qui est pr\u00e9sent pour vous : votre v\u00e9cu, vos pens\u00e9es, vos ressentis, votre \u00e9tat \u00e9motionnel, vos difficult\u00e9s, vos avanc\u00e9es, vos satisfactions\u2026<\/p>\n<p align=\"JUSTIFY\">\n<p align=\"JUSTIFY\"><span style=\"font-size: large;\"><i><b>Le cadre th\u00e9rapeutique\u00a0:<\/b><\/i><\/span><\/p>\n<p align=\"JUSTIFY\"><b>Confidentialit\u00e9 : <\/b>Vous \u00e9voluez dans un espace prot\u00e9g\u00e9 o\u00f9 la s\u00e9curit\u00e9 est essentielle.<\/p>\n<p align=\"JUSTIFY\"><b>Premier entretien :<\/b> Cette premi\u00e8re rencontre nous permettra de pr\u00e9ciser votre demande et vos attentes. Vous pourrez poser vos questions, et je vous expliquerai ma mani\u00e8re de travailler. Nous d\u00e9finirons ensemble le cadre de la th\u00e9rapie (fr\u00e9quence, tarif, dur\u00e9e des s\u00e9ances, modalit\u00e9s de fin de th\u00e9rapie).<\/p>\n<p align=\"JUSTIFY\"><strong>Honoraires :<\/strong><\/p>\n<p align=\"JUSTIFY\">90 \u20ac \/ s\u00e9ance individuelle (1h)<\/p>\n<p align=\"JUSTIFY\">150 \u20ac \/ s\u00e9ance de couple (1h30)<\/p>\n<p align=\"JUSTIFY\"><strong>Toute s\u00e9ance non annul\u00e9e 48h \u00e0 l\u2019avance est due.<\/strong><\/p>\n<p align=\"JUSTIFY\">Les consultations ne sont pas rembours\u00e9es par la S\u00e9curit\u00e9 sociale. Pensez \u00e0 v\u00e9rifier avec votre compl\u00e9mentaire sant\u00e9 si une prise en charge est possible.<\/p>\n<\/div>\n<div dir=\"auto\"><\/div>\n","protected":false},"excerpt":{"rendered":"<p>Qu\u2019est-ce que la Gestalt ? La Gestalt-th\u00e9rapie fait partie des th\u00e9rapies humanistes et relationnelles. Cr\u00e9\u00e9e dans les ann\u00e9es 1950 par le psychiatre allemand Fritz Perls, son \u00e9pouse Laura Perls et l\u2019\u00e9crivain Paul Goodman, elle vise \u00e0 favoriser une prise de conscience de notre fa\u00e7on de fonctionner et d\u2019interagir avec notre environnement. Cette approche th\u00e9rapeutique permet &hellip; <a href=\"https:\/\/gestaltherapie.com\/index.php\/la-gestalt-therapie-2\/\" class=\"more-link\">Continuer la lecture de <span class=\"screen-reader-text\">La Gestalt-th\u00e9rapie<\/span>  <span class=\"meta-nav\">&rarr;<\/span><\/a><\/p>\n","protected":false},"author":1,"featured_media":0,"parent":0,"menu_order":0,"comment_status":"closed","ping_status":"closed","template":"","meta":{"footnotes":""},"class_list":["post-600","page","type-page","status-publish","hentry"],"_links":{"self":[{"href":"https:\/\/gestaltherapie.com\/index.php\/wp-json\/wp\/v2\/pages\/600","targetHints":{"allow":["GET"]}}],"collection":[{"href":"https:\/\/gestaltherapie.com\/index.php\/wp-json\/wp\/v2\/pages"}],"about":[{"href":"https:\/\/gestaltherapie.com\/index.php\/wp-json\/wp\/v2\/types\/page"}],"author":[{"embeddable":true,"href":"https:\/\/gestaltherapie.com\/index.php\/wp-json\/wp\/v2\/users\/1"}],"replies":[{"embeddable":true,"href":"https:\/\/gestaltherapie.com\/index.php\/wp-json\/wp\/v2\/comments?post=600"}],"version-history":[{"count":48,"href":"https:\/\/gestaltherapie.com\/index.php\/wp-json\/wp\/v2\/pages\/600\/revisions"}],"predecessor-version":[{"id":947,"href":"https:\/\/gestaltherapie.com\/index.php\/wp-json\/wp\/v2\/pages\/600\/revisions\/947"}],"wp:attachment":[{"href":"https:\/\/gestaltherapie.com\/index.php\/wp-json\/wp\/v2\/media?parent=600"}],"curies":[{"name":"wp","href":"https:\/\/api.w.org\/{rel}","templated":true}]}}